{"id":79,"date":"2016-04-08T13:27:26","date_gmt":"2016-04-08T13:27:26","guid":{"rendered":"https:\/\/oceanwp.org\/store\/product\/flowy-blouse\/"},"modified":"2023-09-07T16:19:37","modified_gmt":"2023-09-07T16:19:37","slug":"scuola-e-cartoleria","status":"publish","type":"product","link":"https:\/\/ferricasaferri.it\/index.php\/prodotto\/scuola-e-cartoleria\/","title":{"rendered":"Scuola e Cartoleria"},"content":{"rendered":"<p>[et_pb_section fb_built=&#8221;1&#8243; _builder_version=&#8221;4.16&#8243; custom_padding=&#8221;0px||||false|false&#8221; global_colors_info=&#8221;{}&#8221;][et_pb_row _builder_version=&#8221;4.16&#8243; background_size=&#8221;initial&#8221; background_position=&#8221;top_left&#8221; background_repeat=&#8221;repeat&#8221; width=&#8221;100%&#8221; custom_padding=&#8221;0px||0px||false|false&#8221; global_colors_info=&#8221;{}&#8221;][et_pb_column type=&#8221;4_4&#8243; _builder_version=&#8221;4.16&#8243; custom_padding=&#8221;|||&#8221; global_colors_info=&#8221;{}&#8221; custom_padding__hover=&#8221;|||&#8221;][et_pb_wc_breadcrumb _builder_version=&#8221;4.16&#8243; global_colors_info=&#8221;{}&#8221;][\/et_pb_wc_breadcrumb][et_pb_wc_cart_notice _builder_version=&#8221;4.16&#8243; global_colors_info=&#8221;{}&#8221;][\/et_pb_wc_cart_notice][\/et_pb_column][\/et_pb_row][et_pb_row column_structure=&#8221;1_2,1_2&#8243; _builder_version=&#8221;4.16&#8243; background_size=&#8221;initial&#8221; background_position=&#8221;top_left&#8221; background_repeat=&#8221;repeat&#8221; width=&#8221;100%&#8221; custom_padding=&#8221;0px||||false|false&#8221; global_colors_info=&#8221;{}&#8221;][et_pb_column type=&#8221;1_2&#8243; _builder_version=&#8221;4.16&#8243; custom_padding=&#8221;|||&#8221; global_colors_info=&#8221;{}&#8221; custom_padding__hover=&#8221;|||&#8221;][et_pb_wc_images _builder_version=&#8221;4.16&#8243; global_colors_info=&#8221;{}&#8221;][\/et_pb_wc_images][\/et_pb_column][et_pb_column type=&#8221;1_2&#8243; _builder_version=&#8221;4.16&#8243; custom_padding=&#8221;|||&#8221; global_colors_info=&#8221;{}&#8221; custom_padding__hover=&#8221;|||&#8221;][et_pb_wc_title _builder_version=&#8221;4.20.4&#8243; global_colors_info=&#8221;{}&#8221;][\/et_pb_wc_title][et_pb_wc_rating _builder_version=&#8221;4.16&#8243; global_colors_info=&#8221;{}&#8221;][\/et_pb_wc_rating][et_pb_wc_price _builder_version=&#8221;4.16&#8243; global_colors_info=&#8221;{}&#8221;][\/et_pb_wc_price][et_pb_wc_description _builder_version=&#8221;4.20.4&#8243; global_colors_info=&#8221;{}&#8221;][\/et_pb_wc_description][et_pb_wc_add_to_cart _builder_version=&#8221;4.16&#8243; global_colors_info=&#8221;{}&#8221;][\/et_pb_wc_add_to_cart][et_pb_image src=&#8221;https:\/\/ferricasaferri.it\/wp-content\/uploads\/2023\/09\/PHOTO-2023-08-17-23-43-37.jpg&#8221; title_text=&#8221;PHOTO-2023-08-17-23-43-37&#8243; show_in_lightbox=&#8221;on&#8221; _builder_version=&#8221;4.20.4&#8243; _module_preset=&#8221;default&#8221; global_colors_info=&#8221;{}&#8221;][\/et_pb_image][\/et_pb_column][\/et_pb_row][et_pb_row _builder_version=&#8221;4.16&#8243; background_size=&#8221;initial&#8221; background_position=&#8221;top_left&#8221; background_repeat=&#8221;repeat&#8221; width=&#8221;100%&#8221; global_colors_info=&#8221;{}&#8221;][et_pb_column type=&#8221;4_4&#8243; _builder_version=&#8221;4.16&#8243; custom_padding=&#8221;|||&#8221; global_colors_info=&#8221;{}&#8221; custom_padding__hover=&#8221;|||&#8221;][et_pb_wc_tabs _builder_version=&#8221;4.20.4&#8243; global_colors_info=&#8221;{}&#8221;]\t\t\t\t\t[\/et_pb_wc_tabs][et_pb_wc_meta _builder_version=&#8221;4.16&#8243; global_colors_info=&#8221;{}&#8221;][\/et_pb_wc_meta][et_pb_wc_upsells _builder_version=&#8221;4.16&#8243; global_colors_info=&#8221;{}&#8221;][\/et_pb_wc_upsells][et_pb_wc_related_products _builder_version=&#8221;4.16&#8243; global_colors_info=&#8221;{}&#8221;][\/et_pb_wc_related_products][\/et_pb_column][\/et_pb_row][\/et_pb_section]<\/p>\n","protected":false},"excerpt":{"rendered":"<p><strong>Benvenuti!<\/strong><\/p>\n<p>Siamo entusiasti di presentarvi la nostra vasta selezione di prodotti pensati per rendere il ritorno a scuola pi\u00f9 facile, divertente e organizzato. <strong>Zaini Seven con un simpatico omaggio,<\/strong>\u00a0cartelle, penne, matite, astucci, quaderni e tanto altro (senza dimenticare il servizio di rifascio libri), che siate studenti in erba o professionisti delle aule, troverete tutto ci\u00f2 di cui avete bisogno per affrontare l&#8217;anno scolastico con stile e sicurezza!<\/p>\n<p><strong>Grazie per averci visitati, scopri la nostra offerta volantino per la scuola!<\/strong><\/p>\n<p>Siamo impegnati a fornire prodotti di alta qualit\u00e0 a prezzi accessibili, garantendo al contempo un servizio clienti eccezionale. Che siate studenti, genitori o insegnanti, siamo qui per aiutarvi a prepararvi al meglio per l&#8217;anno scolastico: fai clic sull&#8217;immagine e scopri l&#8217;offerta volantino per il ritorno a scuola!<\/p>\n","protected":false},"featured_media":1196,"template":"","meta":{"_et_pb_use_builder":"on","_et_pb_old_content":"<strong>Zaini Seven, Resistenti e alla Moda<\/strong>\r\n\r\nI nostri zaini, anche di Seven, sono molto pi\u00f9 che semplici borse per trasportare libri e quaderni. Disponibili in una variet\u00e0 di colori e stili, si adattano al vostro gusto personale. Realizzati con materiali di alta qualit\u00e0, i nostri zaini sono resistenti e dotati di tasche intelligenti per organizzare al meglio il vostro materiale.\r\n\r\n<strong>Quaderni e Agende per annotare i Compiti e Organizzare il Tempo<\/strong>\r\n\r\nRagazzi e genitori, si sa, sono super indaffarati e non \u00e8 facile incastrare tutti gli impegni. Per questo l'organizzazione \u00e8 fondamentale e da Ferri Casa potrete trovare una selezione di quaderni e diari per aiutarvi a tenere traccia degli impegni, degli appuntamenti e dei compiti scolastici. I nostri quaderni sono disponibili in vari formati, design e materiali di alta qualit\u00e0 per soddisfare tutte le esigenze.\r\n\r\n<strong>Forniture per Scrivere di Qualit\u00e0<\/strong>\r\n\r\nDalla semplice penna agli astucci, fino al set completo di cancelleria, abbiamo tutto ci\u00f2 di cui avete bisogno per scrivere in modo pulito e preciso. Le nostre penne, matite e gomme sono selezionate con cura per garantire una scrittura fluida e senza intoppi.\r\n\r\n<strong>Organizzazione a Portata di Mano<\/strong>\r\n\r\nMantenete il vostro spazio di studio ordinato con i nostri accessori per l'organizzazione. Dalle custodie per penne alle cartelle portadocumenti, abbiamo tutto ci\u00f2 che serve per tenere tutto in ordine.\r\n\r\nNaviga nel nostro sito e scopri quante soluzioni potrai trovare nei nostri negozi, tra cui la gamma completa di prodotti scolastici di alta qualit\u00e0. Siamo certi che troverai tutto ci\u00f2 di cui hai bisogno per un anno di successi scolastici.\r\n\r\nGrazie per aver visitato il nostro negozio \"virtuale\", ti aspettiamo dal vivo a Lavagna e ti auguriamo un fantastico anno scolastico!\r\n\r\n&nbsp;","_et_gb_content_width":""},"product_cat":[66],"product_tag":[68,75,71,69,73,72,70,74,77,76,67],"class_list":["post-79","product","type-product","status-publish","has-post-thumbnail","hentry","product_cat-scuola-e-cartoleria","product_tag-cartelle","product_tag-evidenziatori","product_tag-gomme-da-cancellare","product_tag-matite","product_tag-pennarelli","product_tag-penne","product_tag-quaderni","product_tag-quadernoni","product_tag-righelli","product_tag-squadre","product_tag-zaini"],"_links":{"self":[{"href":"https:\/\/ferricasaferri.it\/index.php\/wp-json\/wp\/v2\/product\/79","targetHints":{"allow":["GET"]}}],"collection":[{"href":"https:\/\/ferricasaferri.it\/index.php\/wp-json\/wp\/v2\/product"}],"about":[{"href":"https:\/\/ferricasaferri.it\/index.php\/wp-json\/wp\/v2\/types\/product"}],"wp:featuredmedia":[{"embeddable":true,"href":"https:\/\/ferricasaferri.it\/index.php\/wp-json\/wp\/v2\/media\/1196"}],"wp:attachment":[{"href":"https:\/\/ferricasaferri.it\/index.php\/wp-json\/wp\/v2\/media?parent=79"}],"wp:term":[{"taxonomy":"product_cat","embeddable":true,"href":"https:\/\/ferricasaferri.it\/index.php\/wp-json\/wp\/v2\/product_cat?post=79"},{"taxonomy":"product_tag","embeddable":true,"href":"https:\/\/ferricasaferri.it\/index.php\/wp-json\/wp\/v2\/product_tag?post=79"}],"curies":[{"name":"wp","href":"https:\/\/api.w.org\/{rel}","templated":true}]}}