{"id":69,"date":"2016-04-08T13:18:10","date_gmt":"2016-04-08T13:18:10","guid":{"rendered":"https:\/\/oceanwp.org\/store\/product\/casual-dress\/"},"modified":"2023-09-05T11:22:34","modified_gmt":"2023-09-05T11:22:34","slug":"casalinghi","status":"publish","type":"product","link":"https:\/\/ferricasaferri.it\/index.php\/prodotto\/casalinghi\/","title":{"rendered":"Casalinghi"},"content":{"rendered":"<p>Esplora il nostro negozio di Lavagna e scopri una vasta gamma di articoli casalinghi che renderanno la tua vita quotidiana pi\u00f9 comoda e piacevole. Grazie per aver visitato la pagina web di presentazione del nostro negozio di articoli casalinghi, e siamo pronti a fornirti tutto il supporto di cui hai bisogno per rendere la tua casa ancora pi\u00f9 speciale.<\/p>\n","protected":false},"excerpt":{"rendered":"<p>La nostra vasta selezione di articoli casalinghi abbraccia ogni aspetto della vita domestica, dalla cucina alla pulizia, dall&#8217;organizzazione all&#8217;arredamento.<\/p>\n<p><strong>Cucina Creativa e Funzionale<\/strong><\/p>\n<p>La cucina \u00e8 il cuore della casa, e i nostri articoli casalinghi per la cucina sono progettati per soddisfare le esigenze dei cuochi appassionati e dei principianti. Dalle pentole e padelle di alta qualit\u00e0 agli elettrodomestici innovativi, abbiamo tutto il necessario per preparare deliziosi pasti in modo efficiente e divertente.<\/p>\n<p><strong>Arredamento per lo Stile di Vita<\/strong><\/p>\n<p>La tua casa \u00e8 un&#8217;espressione del tuo stile personale, e con la nostra selezione di arredamento, puoi creare spazi unici e accoglienti. Dalle tende e cuscini ai tappeti e oggetti d&#8217;arte, troverai tutto ci\u00f2 di cui hai bisogno per dare alla tua casa un tocco di personalit\u00e0.<\/p>\n<p><strong>Organizzazione e Stoccaggio Intelligenti<\/strong><\/p>\n<p>Mantenere la casa in ordine \u00e8 essenziale per una vita senza stress. Offriamo una vasta gamma di soluzioni per l&#8217;organizzazione, tra cui scaffali, scatole di stoccaggio, appendiabiti e molto altro. Con i nostri articoli casalinghi, potrai mantenere ogni spazio della tua casa organizzato e funzionale.<\/p>\n<p><strong>Igiene e Pulizia Efficiente<\/strong><\/p>\n<p>La pulizia \u00e8 un compito inevitabile, ma con i nostri prodotti per la pulizia della casa, puoi renderlo pi\u00f9 semplice ed efficace. Dalle soluzioni ecologiche ai detergenti multiuso, abbiamo tutto ci\u00f2 che ti serve per mantenere la tua casa fresca e pulita.<\/p>\n<p>&nbsp;<\/p>\n","protected":false},"featured_media":1171,"template":"","meta":{"_et_pb_use_builder":"","_et_pb_old_content":"","_et_gb_content_width":""},"product_cat":[65],"product_tag":[62,61,63,59,60,64],"class_list":["post-69","product","type-product","status-publish","has-post-thumbnail","hentry","product_cat-casalinghi","product_tag-attrezzi-da-cucina","product_tag-bicchieri","product_tag-detersivi","product_tag-pentole","product_tag-posate","product_tag-scope"],"_links":{"self":[{"href":"https:\/\/ferricasaferri.it\/index.php\/wp-json\/wp\/v2\/product\/69","targetHints":{"allow":["GET"]}}],"collection":[{"href":"https:\/\/ferricasaferri.it\/index.php\/wp-json\/wp\/v2\/product"}],"about":[{"href":"https:\/\/ferricasaferri.it\/index.php\/wp-json\/wp\/v2\/types\/product"}],"wp:featuredmedia":[{"embeddable":true,"href":"https:\/\/ferricasaferri.it\/index.php\/wp-json\/wp\/v2\/media\/1171"}],"wp:attachment":[{"href":"https:\/\/ferricasaferri.it\/index.php\/wp-json\/wp\/v2\/media?parent=69"}],"wp:term":[{"taxonomy":"product_cat","embeddable":true,"href":"https:\/\/ferricasaferri.it\/index.php\/wp-json\/wp\/v2\/product_cat?post=69"},{"taxonomy":"product_tag","embeddable":true,"href":"https:\/\/ferricasaferri.it\/index.php\/wp-json\/wp\/v2\/product_tag?post=69"}],"curies":[{"name":"wp","href":"https:\/\/api.w.org\/{rel}","templated":true}]}}